{"id":121,"date":"2011-04-17T10:34:29","date_gmt":"2011-04-17T10:34:29","guid":{"rendered":"https:\/\/dataharbour.de\/cafe-riesinger.de\/?page_id=121"},"modified":"2021-12-09T11:19:17","modified_gmt":"2021-12-09T10:19:17","slug":"philosophie","status":"publish","type":"page","link":"https:\/\/cafe-riesinger.de\/?page_id=121","title":{"rendered":"Philosophie"},"content":{"rendered":"<p>Es ist die Leidenschaft der B\u00e4cker- und Konditorkunst, die uns antreibt \u2013 seit mehr als 100 Jahren.<\/p>\n<p>Wir f\u00fchren im Traditionsbetrieb \u201cB\u00e4ckerei und Konditorei Riesinger\u201d jetzt in der 4. Generation. Mit unseren acht Mitarbeitern und bis zu drei Lehrlingen arbeiten wir t\u00e4glich hart daran, unseren selbstgesetzten Qualit\u00e4tsstandard zu halten.<\/p>\n<p>Wir geh\u00f6ren keiner gro\u00dfen Kette an, die national liefert und mit billigsten Rohstoffen produziert. Uns liegt es am Herzen, nach traditionellen Rezepten und aus regionalen Grundprodukten, in Handarbeit eine qualitativ hochwertige und quantitativ vielf\u00e4ltige Auswahl an Brot, Br\u00f6tchen und weiteren Backwaren herzustellen und anbieten zu k\u00f6nnen.<br \/>\nAu\u00dferdem erweitern wir stets unser Konditoreisortiment und offerieren t\u00e4glich frische Kuchen und Torten. Dazu geh\u00f6ren Hochzeits-, Geburtstags- und viele andere Torten f\u00fcr jeden Anlass \u2013 individuell und meisterhaft.<\/p>\n<p>Ganz besonders stolz sind wir auf unsere selbst produzierten, handgemachten Tr\u00fcffel. Wir k\u00f6nnen von uns behaupten \u00fcber 60 Sorten, vollkommen frei von Konservierungsstoffen und k\u00fcnstlichen Aromen herzustellen. Deswegen k\u00f6nnen wir hier ohne weiteres individuelle W\u00fcnsche, auch in kleinen Mengen, annehmen und produzieren.<\/p>\n<p>An h\u00f6chster Stelle steht bei uns Kundenzufriedenheit, im Geschmack, in Auswahl und in Service. Wir wollen nicht nur \u201csatt machen\u201d, sondern Begeisterung f\u00fcr unsere Produkte und Arbeit bei unseren Kunden ausl\u00f6sen. Jeden Tag. Und Sie sind eingeladen sich davon selbst zu \u00fcberzeugen: Online in unseren Galerien und gleich vor Ort, in unserem Caf\u00e9.<\/p>\n<p>Bei uns bekommen Sie ein L\u00e4cheln geschenkt,<br \/>\n<em>B\u00e4ckerei und Konditorei <strong>Riesinger und das ganze Team<\/strong><\/em><\/p>\n<div style=\"width: 512px;\" class=\"wp-video\"><video class=\"wp-video-shortcode\" id=\"video-121-1\" width=\"512\" height=\"288\" preload=\"metadata\" controls=\"controls\"><source type=\"video\/x-flv\" src=\"https:\/\/cafe-riesinger.de\/wp-content\/uploads\/2013\/08\/BaeckereiKonditoreiRiesinger.flv?_=1\" \/><a href=\"https:\/\/cafe-riesinger.de\/wp-content\/uploads\/2013\/08\/BaeckereiKonditoreiRiesinger.flv\">https:\/\/cafe-riesinger.de\/wp-content\/uploads\/2013\/08\/BaeckereiKonditoreiRiesinger.flv<\/a><\/video><\/div>\n","protected":false},"excerpt":{"rendered":"<p>Es ist die Leidenschaft der B\u00e4cker- und Konditorkunst, die uns antreibt \u2013 seit mehr als 100 Jahren. Wir f\u00fchren im Traditionsbetrieb \u201cB\u00e4ckerei und Konditorei Riesinger\u201d jetzt in der 4. Generation. Mit unseren acht Mitarbeitern und bis zu drei Lehrlingen arbeiten wir t\u00e4glich hart daran, unseren selbstgesetzten Qualit\u00e4tsstandard zu halten. Wir geh\u00f6ren keiner gro\u00dfen Kette an, &hellip; <a href=\"https:\/\/cafe-riesinger.de\/?page_id=121\" class=\"more-link\"><span class=\"screen-reader-text\">Philosophie<\/span> weiterlesen <span class=\"meta-nav\">&rarr;<\/span><\/a><\/p>\n","protected":false},"author":1,"featured_media":0,"parent":0,"menu_order":1,"comment_status":"closed","ping_status":"closed","template":"","meta":{"jetpack_post_was_ever_published":false,"footnotes":""},"class_list":["post-121","page","type-page","status-publish","hentry"],"jetpack_sharing_enabled":true,"jetpack_shortlink":"https:\/\/wp.me\/P4pezq-1X","_links":{"self":[{"href":"https:\/\/cafe-riesinger.de\/index.php?rest_route=\/wp\/v2\/pages\/121","targetHints":{"allow":["GET"]}}],"collection":[{"href":"https:\/\/cafe-riesinger.de\/index.php?rest_route=\/wp\/v2\/pages"}],"about":[{"href":"https:\/\/cafe-riesinger.de\/index.php?rest_route=\/wp\/v2\/types\/page"}],"author":[{"embeddable":true,"href":"https:\/\/cafe-riesinger.de\/index.php?rest_route=\/wp\/v2\/users\/1"}],"replies":[{"embeddable":true,"href":"https:\/\/cafe-riesinger.de\/index.php?rest_route=%2Fwp%2Fv2%2Fcomments&post=121"}],"version-history":[{"count":9,"href":"https:\/\/cafe-riesinger.de\/index.php?rest_route=\/wp\/v2\/pages\/121\/revisions"}],"predecessor-version":[{"id":1246,"href":"https:\/\/cafe-riesinger.de\/index.php?rest_route=\/wp\/v2\/pages\/121\/revisions\/1246"}],"wp:attachment":[{"href":"https:\/\/cafe-riesinger.de\/index.php?rest_route=%2Fwp%2Fv2%2Fmedia&parent=121"}],"curies":[{"name":"wp","href":"https:\/\/api.w.org\/{rel}","templated":true}]}}