{"id":145,"date":"2013-08-29T16:10:24","date_gmt":"2013-08-29T16:10:24","guid":{"rendered":"http:\/\/cafe-riesinger.de\/?page_id=145"},"modified":"2013-08-30T16:04:58","modified_gmt":"2013-08-30T14:04:58","slug":"trueffelgalerie","status":"publish","type":"page","link":"https:\/\/cafe-riesinger.de\/?page_id=145","title":{"rendered":"Tr\u00fcffelgalerie"},"content":{"rendered":"<p>Hier ist eine \u00dcbersicht der von uns produzierten Tr\u00fcffelspezialit\u00e4ten:<\/p>\n<div id='gallery-1' class='gallery galleryid-145 gallery-columns-4 gallery-size-thumbnail'><figure class='gallery-item'>\n\t\t\t<div class='gallery-icon landscape'>\n\t\t\t\t<a href='https:\/\/cafe-riesinger.de\/wp-content\/uploads\/2013\/08\/trueffel-Whisky.jpeg'><img loading=\"lazy\" decoding=\"async\" width=\"150\" height=\"150\" src=\"https:\/\/cafe-riesinger.de\/wp-content\/uploads\/2013\/08\/trueffel-Whisky-150x150.jpeg\" class=\"attachment-thumbnail size-thumbnail\" alt=\"\" aria-describedby=\"gallery-1-784\" \/><\/a>\n\t\t\t<\/div>\n\t\t\t\t<figcaption class='wp-caption-text gallery-caption' id='gallery-1-784'>\n\t\t\t\tWhisky Tr\u00fcffel\n\t\t\t\t<\/figcaption><\/figure><figure class='gallery-item'>\n\t\t\t<div class='gallery-icon landscape'>\n\t\t\t\t<a href='https:\/\/cafe-riesinger.de\/wp-content\/uploads\/2013\/08\/trueffel-Vogelbeer.jpeg'><img loading=\"lazy\" decoding=\"async\" width=\"150\" height=\"150\" src=\"https:\/\/cafe-riesinger.de\/wp-content\/uploads\/2013\/08\/trueffel-Vogelbeer-150x150.jpeg\" class=\"attachment-thumbnail size-thumbnail\" alt=\"\" aria-describedby=\"gallery-1-783\" \/><\/a>\n\t\t\t<\/div>\n\t\t\t\t<figcaption class='wp-caption-text gallery-caption' id='gallery-1-783'>\n\t\t\t\tVogelbeer Tr\u00fcffel\n\t\t\t\t<\/figcaption><\/figure><figure class='gallery-item'>\n\t\t\t<div class='gallery-icon landscape'>\n\t\t\t\t<a href='https:\/\/cafe-riesinger.de\/wp-content\/uploads\/2013\/08\/trueffel-Tee.jpeg'><img loading=\"lazy\" decoding=\"async\" width=\"150\" height=\"150\" src=\"https:\/\/cafe-riesinger.de\/wp-content\/uploads\/2013\/08\/trueffel-Tee-150x150.jpeg\" class=\"attachment-thumbnail size-thumbnail\" alt=\"\" aria-describedby=\"gallery-1-782\" \/><\/a>\n\t\t\t<\/div>\n\t\t\t\t<figcaption class='wp-caption-text gallery-caption' id='gallery-1-782'>\n\t\t\t\tTee Tr\u00fcffel\n\t\t\t\t<\/figcaption><\/figure><figure class='gallery-item'>\n\t\t\t<div class='gallery-icon landscape'>\n\t\t\t\t<a href='https:\/\/cafe-riesinger.de\/wp-content\/uploads\/2013\/08\/trueffel-Sherry.jpeg'><img loading=\"lazy\" decoding=\"async\" width=\"150\" height=\"150\" src=\"https:\/\/cafe-riesinger.de\/wp-content\/uploads\/2013\/08\/trueffel-Sherry-150x150.jpeg\" class=\"attachment-thumbnail size-thumbnail\" alt=\"\" aria-describedby=\"gallery-1-781\" \/><\/a>\n\t\t\t<\/div>\n\t\t\t\t<figcaption class='wp-caption-text gallery-caption' id='gallery-1-781'>\n\t\t\t\tSherry Tr\u00fcffel\n\t\t\t\t<\/figcaption><\/figure><figure class='gallery-item'>\n\t\t\t<div class='gallery-icon landscape'>\n\t\t\t\t<a href='https:\/\/cafe-riesinger.de\/wp-content\/uploads\/2013\/08\/trueffel-Schlee.jpeg'><img loading=\"lazy\" decoding=\"async\" width=\"150\" height=\"150\" src=\"https:\/\/cafe-riesinger.de\/wp-content\/uploads\/2013\/08\/trueffel-Schlee-150x150.jpeg\" class=\"attachment-thumbnail size-thumbnail\" alt=\"\" aria-describedby=\"gallery-1-780\" \/><\/a>\n\t\t\t<\/div>\n\t\t\t\t<figcaption class='wp-caption-text gallery-caption' id='gallery-1-780'>\n\t\t\t\tSchlehen Tr\u00fcffel\n\t\t\t\t<\/figcaption><\/figure><figure class='gallery-item'>\n\t\t\t<div class='gallery-icon landscape'>\n\t\t\t\t<a href='https:\/\/cafe-riesinger.de\/wp-content\/uploads\/2013\/08\/trueffel-Sauerkirsch.jpeg'><img loading=\"lazy\" decoding=\"async\" width=\"150\" height=\"150\" src=\"https:\/\/cafe-riesinger.de\/wp-content\/uploads\/2013\/08\/trueffel-Sauerkirsch-150x150.jpeg\" class=\"attachment-thumbnail size-thumbnail\" alt=\"\" aria-describedby=\"gallery-1-779\" \/><\/a>\n\t\t\t<\/div>\n\t\t\t\t<figcaption class='wp-caption-text gallery-caption' id='gallery-1-779'>\n\t\t\t\tSauerkirsch Tr\u00fcffel\n\t\t\t\t<\/figcaption><\/figure><figure class='gallery-item'>\n\t\t\t<div class='gallery-icon landscape'>\n\t\t\t\t<a href='https:\/\/cafe-riesinger.de\/wp-content\/uploads\/2013\/08\/trueffel-Sahne.jpeg'><img loading=\"lazy\" decoding=\"async\" width=\"150\" height=\"150\" src=\"https:\/\/cafe-riesinger.de\/wp-content\/uploads\/2013\/08\/trueffel-Sahne-150x150.jpeg\" class=\"attachment-thumbnail size-thumbnail\" alt=\"\" aria-describedby=\"gallery-1-778\" \/><\/a>\n\t\t\t<\/div>\n\t\t\t\t<figcaption class='wp-caption-text gallery-caption' id='gallery-1-778'>\n\t\t\t\tSahne Tr\u00fcffel\n\t\t\t\t<\/figcaption><\/figure><figure class='gallery-item'>\n\t\t\t<div class='gallery-icon landscape'>\n\t\t\t\t<a href='https:\/\/cafe-riesinger.de\/wp-content\/uploads\/2013\/08\/trueffel-Rum.jpeg'><img loading=\"lazy\" decoding=\"async\" width=\"150\" height=\"150\" src=\"https:\/\/cafe-riesinger.de\/wp-content\/uploads\/2013\/08\/trueffel-Rum-150x150.jpeg\" class=\"attachment-thumbnail size-thumbnail\" alt=\"\" aria-describedby=\"gallery-1-777\" \/><\/a>\n\t\t\t<\/div>\n\t\t\t\t<figcaption class='wp-caption-text gallery-caption' id='gallery-1-777'>\n\t\t\t\tRum Tr\u00fcffel\n\t\t\t\t<\/figcaption><\/figure><figure class='gallery-item'>\n\t\t\t<div class='gallery-icon landscape'>\n\t\t\t\t<a href='https:\/\/cafe-riesinger.de\/wp-content\/uploads\/2013\/08\/trueffel-Ramazotti.jpeg'><img loading=\"lazy\" decoding=\"async\" width=\"150\" height=\"150\" src=\"https:\/\/cafe-riesinger.de\/wp-content\/uploads\/2013\/08\/trueffel-Ramazotti-150x150.jpeg\" class=\"attachment-thumbnail size-thumbnail\" alt=\"\" aria-describedby=\"gallery-1-776\" \/><\/a>\n\t\t\t<\/div>\n\t\t\t\t<figcaption class='wp-caption-text gallery-caption' id='gallery-1-776'>\n\t\t\t\tRamazotti Tr\u00fcffel\n\t\t\t\t<\/figcaption><\/figure><figure class='gallery-item'>\n\t\t\t<div class='gallery-icon landscape'>\n\t\t\t\t<a href='https:\/\/cafe-riesinger.de\/wp-content\/uploads\/2013\/08\/trueffel-Quitte.jpeg'><img loading=\"lazy\" decoding=\"async\" width=\"150\" height=\"150\" src=\"https:\/\/cafe-riesinger.de\/wp-content\/uploads\/2013\/08\/trueffel-Quitte-150x150.jpeg\" class=\"attachment-thumbnail size-thumbnail\" alt=\"\" aria-describedby=\"gallery-1-775\" \/><\/a>\n\t\t\t<\/div>\n\t\t\t\t<figcaption class='wp-caption-text gallery-caption' id='gallery-1-775'>\n\t\t\t\tQuitte Tr\u00fcffel\n\t\t\t\t<\/figcaption><\/figure><figure class='gallery-item'>\n\t\t\t<div class='gallery-icon landscape'>\n\t\t\t\t<a href='https:\/\/cafe-riesinger.de\/wp-content\/uploads\/2013\/08\/trueffel-Mississippi.jpeg'><img loading=\"lazy\" decoding=\"async\" width=\"150\" height=\"150\" src=\"https:\/\/cafe-riesinger.de\/wp-content\/uploads\/2013\/08\/trueffel-Mississippi-150x150.jpeg\" class=\"attachment-thumbnail size-thumbnail\" alt=\"\" aria-describedby=\"gallery-1-774\" \/><\/a>\n\t\t\t<\/div>\n\t\t\t\t<figcaption class='wp-caption-text gallery-caption' id='gallery-1-774'>\n\t\t\t\tMississippi Tr\u00fcffel\n\t\t\t\t<\/figcaption><\/figure><figure class='gallery-item'>\n\t\t\t<div class='gallery-icon landscape'>\n\t\t\t\t<a href='https:\/\/cafe-riesinger.de\/wp-content\/uploads\/2013\/08\/trueffel-Mispel.jpeg'><img loading=\"lazy\" decoding=\"async\" width=\"150\" height=\"150\" src=\"https:\/\/cafe-riesinger.de\/wp-content\/uploads\/2013\/08\/trueffel-Mispel-150x150.jpeg\" class=\"attachment-thumbnail size-thumbnail\" alt=\"\" aria-describedby=\"gallery-1-773\" \/><\/a>\n\t\t\t<\/div>\n\t\t\t\t<figcaption class='wp-caption-text gallery-caption' id='gallery-1-773'>\n\t\t\t\tMispel Tr\u00fcffel\n\t\t\t\t<\/figcaption><\/figure><figure class='gallery-item'>\n\t\t\t<div class='gallery-icon landscape'>\n\t\t\t\t<a href='https:\/\/cafe-riesinger.de\/wp-content\/uploads\/2013\/08\/trueffel-Minze.jpeg'><img loading=\"lazy\" decoding=\"async\" width=\"150\" height=\"150\" src=\"https:\/\/cafe-riesinger.de\/wp-content\/uploads\/2013\/08\/trueffel-Minze-150x150.jpeg\" class=\"attachment-thumbnail size-thumbnail\" alt=\"\" aria-describedby=\"gallery-1-772\" \/><\/a>\n\t\t\t<\/div>\n\t\t\t\t<figcaption class='wp-caption-text gallery-caption' id='gallery-1-772'>\n\t\t\t\tMinze Tr\u00fcffel\n\t\t\t\t<\/figcaption><\/figure><figure class='gallery-item'>\n\t\t\t<div class='gallery-icon landscape'>\n\t\t\t\t<a href='https:\/\/cafe-riesinger.de\/wp-content\/uploads\/2013\/08\/trueffel-Lavendel.jpeg'><img loading=\"lazy\" decoding=\"async\" width=\"150\" height=\"150\" src=\"https:\/\/cafe-riesinger.de\/wp-content\/uploads\/2013\/08\/trueffel-Lavendel-150x150.jpeg\" class=\"attachment-thumbnail size-thumbnail\" alt=\"\" aria-describedby=\"gallery-1-771\" \/><\/a>\n\t\t\t<\/div>\n\t\t\t\t<figcaption class='wp-caption-text gallery-caption' id='gallery-1-771'>\n\t\t\t\tLavendel Tr\u00fcffel\n\t\t\t\t<\/figcaption><\/figure><figure class='gallery-item'>\n\t\t\t<div class='gallery-icon landscape'>\n\t\t\t\t<a href='https:\/\/cafe-riesinger.de\/wp-content\/uploads\/2013\/08\/trueffel-Ingwer.jpeg'><img loading=\"lazy\" decoding=\"async\" width=\"150\" height=\"150\" src=\"https:\/\/cafe-riesinger.de\/wp-content\/uploads\/2013\/08\/trueffel-Ingwer-150x150.jpeg\" class=\"attachment-thumbnail size-thumbnail\" alt=\"\" aria-describedby=\"gallery-1-770\" \/><\/a>\n\t\t\t<\/div>\n\t\t\t\t<figcaption class='wp-caption-text gallery-caption' id='gallery-1-770'>\n\t\t\t\tIngwer Tr\u00fcffel\n\t\t\t\t<\/figcaption><\/figure><figure class='gallery-item'>\n\t\t\t<div class='gallery-icon landscape'>\n\t\t\t\t<a href='https:\/\/cafe-riesinger.de\/wp-content\/uploads\/2013\/08\/trueffel-Himbeer.jpeg'><img loading=\"lazy\" decoding=\"async\" width=\"150\" height=\"150\" src=\"https:\/\/cafe-riesinger.de\/wp-content\/uploads\/2013\/08\/trueffel-Himbeer-150x150.jpeg\" class=\"attachment-thumbnail size-thumbnail\" alt=\"\" aria-describedby=\"gallery-1-769\" \/><\/a>\n\t\t\t<\/div>\n\t\t\t\t<figcaption class='wp-caption-text gallery-caption' id='gallery-1-769'>\n\t\t\t\tHimbeer Tr\u00fcffel\n\t\t\t\t<\/figcaption><\/figure><figure class='gallery-item'>\n\t\t\t<div class='gallery-icon landscape'>\n\t\t\t\t<a href='https:\/\/cafe-riesinger.de\/wp-content\/uploads\/2013\/08\/trueffel-Haselnuss.jpeg'><img loading=\"lazy\" decoding=\"async\" width=\"150\" height=\"150\" src=\"https:\/\/cafe-riesinger.de\/wp-content\/uploads\/2013\/08\/trueffel-Haselnuss-150x150.jpeg\" class=\"attachment-thumbnail size-thumbnail\" alt=\"\" aria-describedby=\"gallery-1-768\" \/><\/a>\n\t\t\t<\/div>\n\t\t\t\t<figcaption class='wp-caption-text gallery-caption' id='gallery-1-768'>\n\t\t\t\tHaselnuss Tr\u00fcffel\n\t\t\t\t<\/figcaption><\/figure><figure class='gallery-item'>\n\t\t\t<div class='gallery-icon landscape'>\n\t\t\t\t<a href='https:\/\/cafe-riesinger.de\/wp-content\/uploads\/2013\/08\/trueffel-Grappa.jpeg'><img loading=\"lazy\" decoding=\"async\" width=\"150\" height=\"150\" src=\"https:\/\/cafe-riesinger.de\/wp-content\/uploads\/2013\/08\/trueffel-Grappa-150x150.jpeg\" class=\"attachment-thumbnail size-thumbnail\" alt=\"\" aria-describedby=\"gallery-1-767\" \/><\/a>\n\t\t\t<\/div>\n\t\t\t\t<figcaption class='wp-caption-text gallery-caption' id='gallery-1-767'>\n\t\t\t\tGrappa Tr\u00fcffel\n\t\t\t\t<\/figcaption><\/figure><figure class='gallery-item'>\n\t\t\t<div class='gallery-icon landscape'>\n\t\t\t\t<a href='https:\/\/cafe-riesinger.de\/wp-content\/uploads\/2013\/08\/trueffel-Feige.jpeg'><img loading=\"lazy\" decoding=\"async\" width=\"150\" height=\"150\" src=\"https:\/\/cafe-riesinger.de\/wp-content\/uploads\/2013\/08\/trueffel-Feige-150x150.jpeg\" class=\"attachment-thumbnail size-thumbnail\" alt=\"\" aria-describedby=\"gallery-1-766\" \/><\/a>\n\t\t\t<\/div>\n\t\t\t\t<figcaption class='wp-caption-text gallery-caption' id='gallery-1-766'>\n\t\t\t\tFeige Tr\u00fcffel\n\t\t\t\t<\/figcaption><\/figure><figure class='gallery-item'>\n\t\t\t<div class='gallery-icon landscape'>\n\t\t\t\t<a href='https:\/\/cafe-riesinger.de\/wp-content\/uploads\/2013\/08\/trueffel-Eierlikoer.jpeg'><img loading=\"lazy\" decoding=\"async\" width=\"150\" height=\"150\" src=\"https:\/\/cafe-riesinger.de\/wp-content\/uploads\/2013\/08\/trueffel-Eierlikoer-150x150.jpeg\" class=\"attachment-thumbnail size-thumbnail\" alt=\"\" aria-describedby=\"gallery-1-765\" \/><\/a>\n\t\t\t<\/div>\n\t\t\t\t<figcaption class='wp-caption-text gallery-caption' id='gallery-1-765'>\n\t\t\t\tEierlikoer Tr\u00fcffel\n\t\t\t\t<\/figcaption><\/figure><figure class='gallery-item'>\n\t\t\t<div class='gallery-icon landscape'>\n\t\t\t\t<a href='https:\/\/cafe-riesinger.de\/wp-content\/uploads\/2013\/08\/trueffel-Champagner.jpeg'><img loading=\"lazy\" decoding=\"async\" width=\"150\" height=\"150\" src=\"https:\/\/cafe-riesinger.de\/wp-content\/uploads\/2013\/08\/trueffel-Champagner-150x150.jpeg\" class=\"attachment-thumbnail size-thumbnail\" alt=\"\" aria-describedby=\"gallery-1-764\" \/><\/a>\n\t\t\t<\/div>\n\t\t\t\t<figcaption class='wp-caption-text gallery-caption' id='gallery-1-764'>\n\t\t\t\tChampagner Tr\u00fcffel\n\t\t\t\t<\/figcaption><\/figure><figure class='gallery-item'>\n\t\t\t<div class='gallery-icon portrait'>\n\t\t\t\t<a href='https:\/\/cafe-riesinger.de\/wp-content\/uploads\/2013\/08\/trueffel-Calvados.jpeg'><img loading=\"lazy\" decoding=\"async\" width=\"150\" height=\"150\" src=\"https:\/\/cafe-riesinger.de\/wp-content\/uploads\/2013\/08\/trueffel-Calvados-150x150.jpeg\" class=\"attachment-thumbnail size-thumbnail\" alt=\"\" aria-describedby=\"gallery-1-763\" srcset=\"https:\/\/cafe-riesinger.de\/wp-content\/uploads\/2013\/08\/trueffel-Calvados-150x150.jpeg 150w, https:\/\/cafe-riesinger.de\/wp-content\/uploads\/2013\/08\/trueffel-Calvados-300x300.jpeg 300w, https:\/\/cafe-riesinger.de\/wp-content\/uploads\/2013\/08\/trueffel-Calvados-1024x1024.jpeg 1024w, https:\/\/cafe-riesinger.de\/wp-content\/uploads\/2013\/08\/trueffel-Calvados-148x148.jpeg 148w, https:\/\/cafe-riesinger.de\/wp-content\/uploads\/2013\/08\/trueffel-Calvados-31x31.jpeg 31w, https:\/\/cafe-riesinger.de\/wp-content\/uploads\/2013\/08\/trueffel-Calvados-38x38.jpeg 38w, https:\/\/cafe-riesinger.de\/wp-content\/uploads\/2013\/08\/trueffel-Calvados-214x215.jpeg 214w\" sizes=\"auto, (max-width: 150px) 100vw, 150px\" \/><\/a>\n\t\t\t<\/div>\n\t\t\t\t<figcaption class='wp-caption-text gallery-caption' id='gallery-1-763'>\n\t\t\t\tCalvados Tr\u00fcffel\n\t\t\t\t<\/figcaption><\/figure><figure class='gallery-item'>\n\t\t\t<div class='gallery-icon landscape'>\n\t\t\t\t<a href='https:\/\/cafe-riesinger.de\/wp-content\/uploads\/2013\/08\/trueffel-Brunnentropfen.jpeg'><img loading=\"lazy\" decoding=\"async\" width=\"150\" height=\"150\" src=\"https:\/\/cafe-riesinger.de\/wp-content\/uploads\/2013\/08\/trueffel-Brunnentropfen-150x150.jpeg\" class=\"attachment-thumbnail size-thumbnail\" alt=\"\" aria-describedby=\"gallery-1-762\" \/><\/a>\n\t\t\t<\/div>\n\t\t\t\t<figcaption class='wp-caption-text gallery-caption' id='gallery-1-762'>\n\t\t\t\tBrunnentropfen Tr\u00fcffel\n\t\t\t\t<\/figcaption><\/figure><figure class='gallery-item'>\n\t\t\t<div class='gallery-icon landscape'>\n\t\t\t\t<a href='https:\/\/cafe-riesinger.de\/wp-content\/uploads\/2013\/08\/trueffel-Brandy.jpeg'><img loading=\"lazy\" decoding=\"async\" width=\"150\" height=\"150\" src=\"https:\/\/cafe-riesinger.de\/wp-content\/uploads\/2013\/08\/trueffel-Brandy-150x150.jpeg\" class=\"attachment-thumbnail size-thumbnail\" alt=\"\" aria-describedby=\"gallery-1-761\" \/><\/a>\n\t\t\t<\/div>\n\t\t\t\t<figcaption class='wp-caption-text gallery-caption' id='gallery-1-761'>\n\t\t\t\tBrandy Tr\u00fcffel\n\t\t\t\t<\/figcaption><\/figure><figure class='gallery-item'>\n\t\t\t<div class='gallery-icon landscape'>\n\t\t\t\t<a href='https:\/\/cafe-riesinger.de\/wp-content\/uploads\/2013\/08\/trueffel-Apfelsherry.jpeg'><img loading=\"lazy\" decoding=\"async\" width=\"150\" height=\"150\" src=\"https:\/\/cafe-riesinger.de\/wp-content\/uploads\/2013\/08\/trueffel-Apfelsherry-150x150.jpeg\" class=\"attachment-thumbnail size-thumbnail\" alt=\"\" aria-describedby=\"gallery-1-760\" \/><\/a>\n\t\t\t<\/div>\n\t\t\t\t<figcaption class='wp-caption-text gallery-caption' id='gallery-1-760'>\n\t\t\t\tApfelsherry Tr\u00fcffel\n\t\t\t\t<\/figcaption><\/figure><figure class='gallery-item'>\n\t\t\t<div class='gallery-icon landscape'>\n\t\t\t\t<a href='https:\/\/cafe-riesinger.de\/wp-content\/uploads\/2013\/08\/trueffel-Amaretto.jpeg'><img loading=\"lazy\" decoding=\"async\" width=\"150\" height=\"150\" src=\"https:\/\/cafe-riesinger.de\/wp-content\/uploads\/2013\/08\/trueffel-Amaretto-150x150.jpeg\" class=\"attachment-thumbnail size-thumbnail\" alt=\"\" aria-describedby=\"gallery-1-759\" \/><\/a>\n\t\t\t<\/div>\n\t\t\t\t<figcaption class='wp-caption-text gallery-caption' id='gallery-1-759'>\n\t\t\t\tAmaretto Tr\u00fcffel\n\t\t\t\t<\/figcaption><\/figure>\n\t\t<\/div>\n\n","protected":false},"excerpt":{"rendered":"<p>Hier ist eine \u00dcbersicht der von uns produzierten Tr\u00fcffelspezialit\u00e4ten:<\/p>\n","protected":false},"author":1,"featured_media":0,"parent":43,"menu_order":0,"comment_status":"closed","ping_status":"closed","template":"","meta":{"jetpack_post_was_ever_published":false,"footnotes":""},"class_list":["post-145","page","type-page","status-publish","hentry"],"jetpack_sharing_enabled":true,"jetpack_shortlink":"https:\/\/wp.me\/P4pezq-2l","_links":{"self":[{"href":"https:\/\/cafe-riesinger.de\/index.php?rest_route=\/wp\/v2\/pages\/145","targetHints":{"allow":["GET"]}}],"collection":[{"href":"https:\/\/cafe-riesinger.de\/index.php?rest_route=\/wp\/v2\/pages"}],"about":[{"href":"https:\/\/cafe-riesinger.de\/index.php?rest_route=\/wp\/v2\/types\/page"}],"author":[{"embeddable":true,"href":"https:\/\/cafe-riesinger.de\/index.php?rest_route=\/wp\/v2\/users\/1"}],"replies":[{"embeddable":true,"href":"https:\/\/cafe-riesinger.de\/index.php?rest_route=%2Fwp%2Fv2%2Fcomments&post=145"}],"version-history":[{"count":12,"href":"https:\/\/cafe-riesinger.de\/index.php?rest_route=\/wp\/v2\/pages\/145\/revisions"}],"predecessor-version":[{"id":819,"href":"https:\/\/cafe-riesinger.de\/index.php?rest_route=\/wp\/v2\/pages\/145\/revisions\/819"}],"up":[{"embeddable":true,"href":"https:\/\/cafe-riesinger.de\/index.php?rest_route=\/wp\/v2\/pages\/43"}],"wp:attachment":[{"href":"https:\/\/cafe-riesinger.de\/index.php?rest_route=%2Fwp%2Fv2%2Fmedia&parent=145"}],"curies":[{"name":"wp","href":"https:\/\/api.w.org\/{rel}","templated":true}]}}