{"id":16,"date":"2011-04-08T15:33:02","date_gmt":"2011-04-08T13:33:02","guid":{"rendered":"http:\/\/cafe-riesinger.de\/?page_id=16"},"modified":"2014-11-25T23:00:56","modified_gmt":"2014-11-25T22:00:56","slug":"galerie","status":"publish","type":"page","link":"https:\/\/cafe-riesinger.de\/?page_id=16","title":{"rendered":"Galerie"},"content":{"rendered":"<p>Hier k\u00f6nnen Sie sich einen kleinen \u00dcberblick \u00fcber unser Caf\u00e9, die Terrasse, sowie den Innenbereich verschaffen.<\/p>\n<h2>Das Caf\u00e9<\/h2>\n<div id='gallery-1' class='gallery galleryid-16 gallery-columns-4 gallery-size-thumbnail'><figure class='gallery-item'>\n\t\t\t<div class='gallery-icon landscape'>\n\t\t\t\t<a href='https:\/\/cafe-riesinger.de\/wp-content\/uploads\/2013\/08\/cafe-aussen-front-strasse.jpg'><img loading=\"lazy\" decoding=\"async\" width=\"150\" height=\"150\" src=\"https:\/\/cafe-riesinger.de\/wp-content\/uploads\/2013\/08\/cafe-aussen-front-strasse-150x150.jpg\" class=\"attachment-thumbnail size-thumbnail\" alt=\"\" aria-describedby=\"gallery-1-635\" \/><\/a>\n\t\t\t<\/div>\n\t\t\t\t<figcaption class='wp-caption-text gallery-caption' id='gallery-1-635'>\n\t\t\t\tCafe von au\u00dfen\n\t\t\t\t<\/figcaption><\/figure><figure class='gallery-item'>\n\t\t\t<div class='gallery-icon landscape'>\n\t\t\t\t<a href='https:\/\/cafe-riesinger.de\/wp-content\/uploads\/2013\/08\/cafe-aussen-front.jpg'><img loading=\"lazy\" decoding=\"async\" width=\"150\" height=\"150\" src=\"https:\/\/cafe-riesinger.de\/wp-content\/uploads\/2013\/08\/cafe-aussen-front-150x150.jpg\" class=\"attachment-thumbnail size-thumbnail\" alt=\"\" aria-describedby=\"gallery-1-636\" \/><\/a>\n\t\t\t<\/div>\n\t\t\t\t<figcaption class='wp-caption-text gallery-caption' id='gallery-1-636'>\n\t\t\t\tCafe von au\u00dfen\n\t\t\t\t<\/figcaption><\/figure><figure class='gallery-item'>\n\t\t\t<div class='gallery-icon landscape'>\n\t\t\t\t<a href='https:\/\/cafe-riesinger.de\/wp-content\/uploads\/2013\/08\/cafe-aussen-terrasse.jpg'><img loading=\"lazy\" decoding=\"async\" width=\"150\" height=\"150\" src=\"https:\/\/cafe-riesinger.de\/wp-content\/uploads\/2013\/08\/cafe-aussen-terrasse-150x150.jpg\" class=\"attachment-thumbnail size-thumbnail\" alt=\"\" aria-describedby=\"gallery-1-634\" \/><\/a>\n\t\t\t<\/div>\n\t\t\t\t<figcaption class='wp-caption-text gallery-caption' id='gallery-1-634'>\n\t\t\t\tCafe Terasse\n\t\t\t\t<\/figcaption><\/figure><figure class='gallery-item'>\n\t\t\t<div class='gallery-icon landscape'>\n\t\t\t\t<a href='https:\/\/cafe-riesinger.de\/wp-content\/uploads\/2013\/09\/Aussenbereich2.png'><img loading=\"lazy\" decoding=\"async\" width=\"150\" height=\"150\" src=\"https:\/\/cafe-riesinger.de\/wp-content\/uploads\/2013\/09\/Aussenbereich2-150x150.png\" class=\"attachment-thumbnail size-thumbnail\" alt=\"Aussenbereich\" aria-describedby=\"gallery-1-862\" \/><\/a>\n\t\t\t<\/div>\n\t\t\t\t<figcaption class='wp-caption-text gallery-caption' id='gallery-1-862'>\n\t\t\t\tAussenbereich\n\t\t\t\t<\/figcaption><\/figure><figure class='gallery-item'>\n\t\t\t<div class='gallery-icon landscape'>\n\t\t\t\t<a href='https:\/\/cafe-riesinger.de\/wp-content\/uploads\/2013\/09\/Aussenbereich.png'><img loading=\"lazy\" decoding=\"async\" width=\"150\" height=\"150\" src=\"https:\/\/cafe-riesinger.de\/wp-content\/uploads\/2013\/09\/Aussenbereich-150x150.png\" class=\"attachment-thumbnail size-thumbnail\" alt=\"Aussenbereich\" aria-describedby=\"gallery-1-861\" \/><\/a>\n\t\t\t<\/div>\n\t\t\t\t<figcaption class='wp-caption-text gallery-caption' id='gallery-1-861'>\n\t\t\t\tAussenbereich\n\t\t\t\t<\/figcaption><\/figure><figure class='gallery-item'>\n\t\t\t<div class='gallery-icon landscape'>\n\t\t\t\t<a href='https:\/\/cafe-riesinger.de\/wp-content\/uploads\/2014\/11\/unsere-Auslage.jpg'><img loading=\"lazy\" decoding=\"async\" width=\"150\" height=\"150\" src=\"https:\/\/cafe-riesinger.de\/wp-content\/uploads\/2014\/11\/unsere-Auslage-150x150.jpg\" class=\"attachment-thumbnail size-thumbnail\" alt=\"\" aria-describedby=\"gallery-1-1004\" \/><\/a>\n\t\t\t<\/div>\n\t\t\t\t<figcaption class='wp-caption-text gallery-caption' id='gallery-1-1004'>\n\t\t\t\tunsere Auslage\n\t\t\t\t<\/figcaption><\/figure><figure class='gallery-item'>\n\t\t\t<div class='gallery-icon landscape'>\n\t\t\t\t<a href='https:\/\/cafe-riesinger.de\/wp-content\/uploads\/2014\/11\/unsere-Auslage-4.jpg'><img loading=\"lazy\" decoding=\"async\" width=\"150\" height=\"150\" src=\"https:\/\/cafe-riesinger.de\/wp-content\/uploads\/2014\/11\/unsere-Auslage-4-150x150.jpg\" class=\"attachment-thumbnail size-thumbnail\" alt=\"\" aria-describedby=\"gallery-1-1003\" \/><\/a>\n\t\t\t<\/div>\n\t\t\t\t<figcaption class='wp-caption-text gallery-caption' id='gallery-1-1003'>\n\t\t\t\tunsere Auslage\n\t\t\t\t<\/figcaption><\/figure><figure class='gallery-item'>\n\t\t\t<div class='gallery-icon landscape'>\n\t\t\t\t<a href='https:\/\/cafe-riesinger.de\/wp-content\/uploads\/2014\/11\/unsere-Auslage-3.jpg'><img loading=\"lazy\" decoding=\"async\" width=\"150\" height=\"150\" src=\"https:\/\/cafe-riesinger.de\/wp-content\/uploads\/2014\/11\/unsere-Auslage-3-150x150.jpg\" class=\"attachment-thumbnail size-thumbnail\" alt=\"\" aria-describedby=\"gallery-1-1002\" \/><\/a>\n\t\t\t<\/div>\n\t\t\t\t<figcaption class='wp-caption-text gallery-caption' id='gallery-1-1002'>\n\t\t\t\tunsere Auslage\n\t\t\t\t<\/figcaption><\/figure>\n\t\t<\/div>\n\n<p>&nbsp;<\/p>\n","protected":false},"excerpt":{"rendered":"<p>Hier k\u00f6nnen Sie sich einen kleinen \u00dcberblick \u00fcber unser Caf\u00e9, die Terrasse, sowie den Innenbereich verschaffen. Das Caf\u00e9 &nbsp;<\/p>\n","protected":false},"author":1,"featured_media":0,"parent":0,"menu_order":3,"comment_status":"closed","ping_status":"closed","template":"","meta":{"jetpack_post_was_ever_published":false,"footnotes":""},"class_list":["post-16","page","type-page","status-publish","hentry"],"jetpack_sharing_enabled":true,"jetpack_shortlink":"https:\/\/wp.me\/P4pezq-g","_links":{"self":[{"href":"https:\/\/cafe-riesinger.de\/index.php?rest_route=\/wp\/v2\/pages\/16","targetHints":{"allow":["GET"]}}],"collection":[{"href":"https:\/\/cafe-riesinger.de\/index.php?rest_route=\/wp\/v2\/pages"}],"about":[{"href":"https:\/\/cafe-riesinger.de\/index.php?rest_route=\/wp\/v2\/types\/page"}],"author":[{"embeddable":true,"href":"https:\/\/cafe-riesinger.de\/index.php?rest_route=\/wp\/v2\/users\/1"}],"replies":[{"embeddable":true,"href":"https:\/\/cafe-riesinger.de\/index.php?rest_route=%2Fwp%2Fv2%2Fcomments&post=16"}],"version-history":[{"count":31,"href":"https:\/\/cafe-riesinger.de\/index.php?rest_route=\/wp\/v2\/pages\/16\/revisions"}],"predecessor-version":[{"id":1005,"href":"https:\/\/cafe-riesinger.de\/index.php?rest_route=\/wp\/v2\/pages\/16\/revisions\/1005"}],"wp:attachment":[{"href":"https:\/\/cafe-riesinger.de\/index.php?rest_route=%2Fwp%2Fv2%2Fmedia&parent=16"}],"curies":[{"name":"wp","href":"https:\/\/api.w.org\/{rel}","templated":true}]}}