{"id":91,"date":"2011-04-10T15:28:25","date_gmt":"2011-04-10T15:28:25","guid":{"rendered":"http:\/\/cafe-riesinger.de\/?page_id=91"},"modified":"2018-02-01T08:18:39","modified_gmt":"2018-02-01T07:18:39","slug":"impressum","status":"publish","type":"page","link":"https:\/\/cafe-riesinger.de\/?page_id=91","title":{"rendered":"Kontakt\/Impressum"},"content":{"rendered":"<p>F\u00fcr den Inhalt dieser Internetseiten ist verantwortlich:<\/p>\n<p>B\u00e4ckerei und Caf\u00e9 Riesinger Beerfelden<br \/>\nHerr Hartmut Riesinger<br \/>\nHirschhorner Str. 11<br \/>\n64760 Oberzent \/ Beerfelden<br \/>\nTel: 06068 &#8211; 13 93<br \/>\nFax: 06068 &#8211; 91 22 65<br \/>\nEmail: <a href=\"http:\/\/www.cafe-riesinger.de\/?page=kontakt#kform\">cafe-riesinger@t-online.de<br \/>\n<\/a>USt-Id: DE 113404352<br \/>\nUSt-Id-Nr: 033 860 605 41, Finazamt Michelstadt<\/p>\n<p>Zust\u00e4ndige Berufsgenossenschaft:<br \/>\nNahrungsmittel und Gastst\u00e4tten (BGN)<br \/>\nDynamostra\u00dfe 7-11, 68165 Mannheim<br \/>\nFon 06 21\/44 56-34 20<br \/>\nFax 06 21\/44 56-36 45<br \/>\n<a href=\"http:\/\/www.bgn.de\/\" target=\"_blank\">http:\/\/www.bgn.de<\/a><\/p>\n<h3>Schicken Sie uns eine Email:<\/h3>\n\n<div class=\"wpcf7 no-js\" id=\"wpcf7-f907-o1\" lang=\"de-DE\" dir=\"ltr\" data-wpcf7-id=\"907\">\n<div class=\"screen-reader-response\"><p role=\"status\" aria-live=\"polite\" aria-atomic=\"true\"><\/p> <ul><\/ul><\/div>\n<form action=\"\/index.php?rest_route=%2Fwp%2Fv2%2Fpages%2F91#wpcf7-f907-o1\" method=\"post\" class=\"wpcf7-form init\" aria-label=\"Kontaktformular\" novalidate=\"novalidate\" data-status=\"init\">\n<fieldset class=\"hidden-fields-container\"><input type=\"hidden\" name=\"_wpcf7\" value=\"907\" \/><input type=\"hidden\" name=\"_wpcf7_version\" value=\"6.1.5\" \/><input type=\"hidden\" name=\"_wpcf7_locale\" value=\"de_DE\" \/><input type=\"hidden\" name=\"_wpcf7_unit_tag\" value=\"wpcf7-f907-o1\" \/><input type=\"hidden\" name=\"_wpcf7_container_post\" value=\"0\" \/><input type=\"hidden\" name=\"_wpcf7_posted_data_hash\" value=\"\" \/>\n<\/fieldset>\n<p>Ihr Name\n<\/p>\n<p><span class=\"wpcf7-form-control-wrap\" data-name=\"your-name\"><input size=\"40\" maxlength=\"400\" class=\"wpcf7-form-control wpcf7-text wpcf7-validates-as-required\" aria-required=\"true\" aria-invalid=\"false\" value=\"\" type=\"text\" name=\"your-name\" \/><\/span>\n<\/p>\n<p>Ihre E-Mail-Adresse\n<\/p>\n<p><span class=\"wpcf7-form-control-wrap\" data-name=\"your-email\"><input size=\"40\" maxlength=\"400\" class=\"wpcf7-form-control wpcf7-email wpcf7-validates-as-required wpcf7-text wpcf7-validates-as-email\" aria-required=\"true\" aria-invalid=\"false\" value=\"\" type=\"email\" name=\"your-email\" \/><\/span>\n<\/p>\n<p>Betreff\n<\/p>\n<p><span class=\"wpcf7-form-control-wrap\" data-name=\"your-subject\"><input size=\"40\" maxlength=\"400\" class=\"wpcf7-form-control wpcf7-text wpcf7-validates-as-required\" aria-required=\"true\" aria-invalid=\"false\" value=\"\" type=\"text\" name=\"your-subject\" \/><\/span>\n<\/p>\n<p>Ihre Nachricht\n<\/p>\n<p><span class=\"wpcf7-form-control-wrap\" data-name=\"your-message\"><textarea cols=\"40\" rows=\"10\" maxlength=\"2000\" class=\"wpcf7-form-control wpcf7-textarea\" aria-invalid=\"false\" name=\"your-message\"><\/textarea><\/span>\n<\/p>\n<p><span class=\"wpcf7-form-control-wrap\" data-name=\"quiz-168\"><label><span class=\"wpcf7-quiz-label\">Bei welcher Ampel-Farbe darf man nicht fahren?<\/span> <input size=\"2\" maxlength=\"2\" class=\"wpcf7-form-control wpcf7-quiz\" autocomplete=\"off\" aria-required=\"true\" aria-invalid=\"false\" type=\"text\" name=\"quiz-168\" \/><\/label><input type=\"hidden\" name=\"_wpcf7_quiz_answer_quiz-168\" value=\"e6b0af350f74bba436be40a827b9b86b\" \/><\/span>\n<\/p>\n<p><span class=\"wpcf7-form-control-wrap\" data-name=\"acceptance-47\"><span class=\"wpcf7-form-control wpcf7-acceptance\"><span class=\"wpcf7-list-item\"><label><input type=\"checkbox\" name=\"acceptance-47\" value=\"1\" aria-invalid=\"false\" \/><span class=\"wpcf7-list-item-label\">Zustimmung zur Verarbeitung der Daten gem\u00e4\u00df der <a href=\"https:\/\/cafe-riesinger.de\/?page_id=1110\">Bestimmungen<\/a>.<\/span><\/label><\/span><\/span><\/span>\n<\/p>\n<p><input class=\"wpcf7-form-control wpcf7-submit has-spinner\" type=\"submit\" value=\"Senden\" \/>\n<\/p><p style=\"display: none !important;\" class=\"akismet-fields-container\" data-prefix=\"_wpcf7_ak_\"><label>&#916;<textarea name=\"_wpcf7_ak_hp_textarea\" cols=\"45\" rows=\"8\" maxlength=\"100\"><\/textarea><\/label><input type=\"hidden\" id=\"ak_js_1\" name=\"_wpcf7_ak_js\" value=\"43\"\/><script>document.getElementById( \"ak_js_1\" ).setAttribute( \"value\", ( new Date() ).getTime() );<\/script><\/p><div class=\"wpcf7-response-output\" aria-hidden=\"true\"><\/div>\n<\/form>\n<\/div>\n\n<h3>Hier finden Sie uns:<\/h3>\n<p>Der Autor \u00fcbernimmt keinerlei Gew\u00e4hr f\u00fcr die Aktualit\u00e4t, Korrektheit, Vollst\u00e4ndigkeit oder Qualit\u00e4t der bereitgestellten Informationen. Haftungsanspr\u00fcche gegen den Autor, welche sich auf Sch\u00e4den materieller oder ideeller Art beziehen, die durch die Nutzung oder Nichtnutzung der dargebotenen Informationen bzw. durch die Nutzung fehlerhafter und unvollst\u00e4ndiger Informationen verursacht wurden, sind grunds\u00e4tzlich ausgeschlossen, sofern seitens des Autors kein nachweislich vors\u00e4tzliches oder grob fahrl\u00e4ssiges Verschulden vorliegt. Alle Angebote sind freibleibend und unverbindlich. Der Autor beh\u00e4lt es sich ausdr\u00fccklich vor, Teile der Seiten oder das gesamte Angebot ohne gesonderte Ank\u00fcndigung zu ver\u00e4ndern, zu erg\u00e4nzen, zul\u00f6schen oder die Ver\u00f6ffentlichung zeitweise oder endg\u00fcltig einzustellen.<\/p>\n","protected":false},"excerpt":{"rendered":"<p>F\u00fcr den Inhalt dieser Internetseiten ist verantwortlich: B\u00e4ckerei und Caf\u00e9 Riesinger Beerfelden Herr Hartmut Riesinger Hirschhorner Str. 11 64760 Oberzent \/ Beerfelden Tel: 06068 &#8211; 13 93 Fax: 06068 &#8211; 91 22 65 Email: cafe-riesinger@t-online.de USt-Id: DE 113404352 USt-Id-Nr: 033 860 605 41, Finazamt Michelstadt Zust\u00e4ndige Berufsgenossenschaft: Nahrungsmittel und Gastst\u00e4tten (BGN) Dynamostra\u00dfe 7-11, 68165 Mannheim &hellip; <a href=\"https:\/\/cafe-riesinger.de\/?page_id=91\" class=\"more-link\"><span class=\"screen-reader-text\">Kontakt\/Impressum<\/span> weiterlesen <span class=\"meta-nav\">&rarr;<\/span><\/a><\/p>\n","protected":false},"author":1,"featured_media":0,"parent":0,"menu_order":50,"comment_status":"closed","ping_status":"closed","template":"","meta":{"jetpack_post_was_ever_published":false,"footnotes":""},"class_list":["post-91","page","type-page","status-publish","hentry"],"jetpack_sharing_enabled":true,"jetpack_shortlink":"https:\/\/wp.me\/P4pezq-1t","_links":{"self":[{"href":"https:\/\/cafe-riesinger.de\/index.php?rest_route=\/wp\/v2\/pages\/91","targetHints":{"allow":["GET"]}}],"collection":[{"href":"https:\/\/cafe-riesinger.de\/index.php?rest_route=\/wp\/v2\/pages"}],"about":[{"href":"https:\/\/cafe-riesinger.de\/index.php?rest_route=\/wp\/v2\/types\/page"}],"author":[{"embeddable":true,"href":"https:\/\/cafe-riesinger.de\/index.php?rest_route=\/wp\/v2\/users\/1"}],"replies":[{"embeddable":true,"href":"https:\/\/cafe-riesinger.de\/index.php?rest_route=%2Fwp%2Fv2%2Fcomments&post=91"}],"version-history":[{"count":9,"href":"https:\/\/cafe-riesinger.de\/index.php?rest_route=\/wp\/v2\/pages\/91\/revisions"}],"predecessor-version":[{"id":1106,"href":"https:\/\/cafe-riesinger.de\/index.php?rest_route=\/wp\/v2\/pages\/91\/revisions\/1106"}],"wp:attachment":[{"href":"https:\/\/cafe-riesinger.de\/index.php?rest_route=%2Fwp%2Fv2%2Fmedia&parent=91"}],"curies":[{"name":"wp","href":"https:\/\/api.w.org\/{rel}","templated":true}]}}