{"id":922,"date":"2014-03-06T16:05:13","date_gmt":"2014-03-06T15:05:13","guid":{"rendered":"http:\/\/cafe-riesinger.de\/?page_id=922"},"modified":"2020-05-22T09:11:17","modified_gmt":"2020-05-22T07:11:17","slug":"brunch","status":"publish","type":"page","link":"https:\/\/cafe-riesinger.de\/?page_id=922","title":{"rendered":"Brunch"},"content":{"rendered":"<p>Wir veranstalten regelm\u00e4\u00dfig unseren ber\u00fchmten Brunch.<\/p>\n<div id='gallery-1' class='gallery galleryid-922 gallery-columns-4 gallery-size-thumbnail'><figure class='gallery-item'>\n\t\t\t<div class='gallery-icon landscape'>\n\t\t\t\t<a href='https:\/\/cafe-riesinger.de\/wp-content\/uploads\/2013\/08\/Brunch-5.jpg'><img loading=\"lazy\" decoding=\"async\" width=\"150\" height=\"150\" src=\"https:\/\/cafe-riesinger.de\/wp-content\/uploads\/2013\/08\/Brunch-5-150x150.jpg\" class=\"attachment-thumbnail size-thumbnail\" alt=\"\" \/><\/a>\n\t\t\t<\/div><\/figure><figure class='gallery-item'>\n\t\t\t<div class='gallery-icon landscape'>\n\t\t\t\t<a href='https:\/\/cafe-riesinger.de\/wp-content\/uploads\/2013\/08\/Brunch-4.jpg'><img loading=\"lazy\" decoding=\"async\" width=\"150\" height=\"150\" src=\"https:\/\/cafe-riesinger.de\/wp-content\/uploads\/2013\/08\/Brunch-4-150x150.jpg\" class=\"attachment-thumbnail size-thumbnail\" alt=\"\" \/><\/a>\n\t\t\t<\/div><\/figure><figure class='gallery-item'>\n\t\t\t<div class='gallery-icon landscape'>\n\t\t\t\t<a href='https:\/\/cafe-riesinger.de\/wp-content\/uploads\/2013\/08\/Brunch-neu-4.jpg'><img loading=\"lazy\" decoding=\"async\" width=\"150\" height=\"150\" src=\"https:\/\/cafe-riesinger.de\/wp-content\/uploads\/2013\/08\/Brunch-neu-4-150x150.jpg\" class=\"attachment-thumbnail size-thumbnail\" alt=\"\" \/><\/a>\n\t\t\t<\/div><\/figure><figure class='gallery-item'>\n\t\t\t<div class='gallery-icon landscape'>\n\t\t\t\t<a href='https:\/\/cafe-riesinger.de\/wp-content\/uploads\/2013\/08\/Brunch-3.jpg'><img loading=\"lazy\" decoding=\"async\" width=\"150\" height=\"150\" src=\"https:\/\/cafe-riesinger.de\/wp-content\/uploads\/2013\/08\/Brunch-3-150x150.jpg\" class=\"attachment-thumbnail size-thumbnail\" alt=\"\" \/><\/a>\n\t\t\t<\/div><\/figure><figure class='gallery-item'>\n\t\t\t<div class='gallery-icon landscape'>\n\t\t\t\t<a href='https:\/\/cafe-riesinger.de\/wp-content\/uploads\/2013\/08\/Brunch-7.jpg'><img loading=\"lazy\" decoding=\"async\" width=\"150\" height=\"150\" src=\"https:\/\/cafe-riesinger.de\/wp-content\/uploads\/2013\/08\/Brunch-7-150x150.jpg\" class=\"attachment-thumbnail size-thumbnail\" alt=\"\" \/><\/a>\n\t\t\t<\/div><\/figure><figure class='gallery-item'>\n\t\t\t<div class='gallery-icon landscape'>\n\t\t\t\t<a href='https:\/\/cafe-riesinger.de\/wp-content\/uploads\/2013\/08\/Brunch-neu-3.jpg'><img loading=\"lazy\" decoding=\"async\" width=\"150\" height=\"150\" src=\"https:\/\/cafe-riesinger.de\/wp-content\/uploads\/2013\/08\/Brunch-neu-3-150x150.jpg\" class=\"attachment-thumbnail size-thumbnail\" alt=\"\" \/><\/a>\n\t\t\t<\/div><\/figure><figure class='gallery-item'>\n\t\t\t<div class='gallery-icon landscape'>\n\t\t\t\t<a href='https:\/\/cafe-riesinger.de\/wp-content\/uploads\/2013\/08\/Brunch-neu-2.jpg'><img loading=\"lazy\" decoding=\"async\" width=\"150\" height=\"150\" src=\"https:\/\/cafe-riesinger.de\/wp-content\/uploads\/2013\/08\/Brunch-neu-2-150x150.jpg\" class=\"attachment-thumbnail size-thumbnail\" alt=\"\" \/><\/a>\n\t\t\t<\/div><\/figure><figure class='gallery-item'>\n\t\t\t<div class='gallery-icon landscape'>\n\t\t\t\t<a href='https:\/\/cafe-riesinger.de\/wp-content\/uploads\/2013\/08\/Brunch-neu-1.jpg'><img loading=\"lazy\" decoding=\"async\" width=\"150\" height=\"150\" src=\"https:\/\/cafe-riesinger.de\/wp-content\/uploads\/2013\/08\/Brunch-neu-1-150x150.jpg\" class=\"attachment-thumbnail size-thumbnail\" alt=\"\" \/><\/a>\n\t\t\t<\/div><\/figure><figure class='gallery-item'>\n\t\t\t<div class='gallery-icon landscape'>\n\t\t\t\t<a href='https:\/\/cafe-riesinger.de\/wp-content\/uploads\/2013\/08\/Brunch-neu-5.jpg'><img loading=\"lazy\" decoding=\"async\" width=\"150\" height=\"150\" src=\"https:\/\/cafe-riesinger.de\/wp-content\/uploads\/2013\/08\/Brunch-neu-5-150x150.jpg\" class=\"attachment-thumbnail size-thumbnail\" alt=\"\" \/><\/a>\n\t\t\t<\/div><\/figure><figure class='gallery-item'>\n\t\t\t<div class='gallery-icon landscape'>\n\t\t\t\t<a href='https:\/\/cafe-riesinger.de\/wp-content\/uploads\/2013\/08\/Brunch-neu-7.jpg'><img loading=\"lazy\" decoding=\"async\" width=\"150\" height=\"150\" src=\"https:\/\/cafe-riesinger.de\/wp-content\/uploads\/2013\/08\/Brunch-neu-7-150x150.jpg\" class=\"attachment-thumbnail size-thumbnail\" alt=\"\" \/><\/a>\n\t\t\t<\/div><\/figure><figure class='gallery-item'>\n\t\t\t<div class='gallery-icon landscape'>\n\t\t\t\t<a href='https:\/\/cafe-riesinger.de\/wp-content\/uploads\/2013\/08\/Brunch-neu-6.jpg'><img loading=\"lazy\" decoding=\"async\" width=\"150\" height=\"150\" src=\"https:\/\/cafe-riesinger.de\/wp-content\/uploads\/2013\/08\/Brunch-neu-6-150x150.jpg\" class=\"attachment-thumbnail size-thumbnail\" alt=\"\" \/><\/a>\n\t\t\t<\/div><\/figure><figure class='gallery-item'>\n\t\t\t<div class='gallery-icon landscape'>\n\t\t\t\t<a href='https:\/\/cafe-riesinger.de\/wp-content\/uploads\/2013\/08\/Brunch-neu-9.jpg'><img loading=\"lazy\" decoding=\"async\" width=\"150\" height=\"150\" src=\"https:\/\/cafe-riesinger.de\/wp-content\/uploads\/2013\/08\/Brunch-neu-9-150x150.jpg\" class=\"attachment-thumbnail size-thumbnail\" alt=\"\" \/><\/a>\n\t\t\t<\/div><\/figure><figure class='gallery-item'>\n\t\t\t<div class='gallery-icon landscape'>\n\t\t\t\t<a href='https:\/\/cafe-riesinger.de\/wp-content\/uploads\/2013\/08\/Brunch-neu-8.jpg'><img loading=\"lazy\" decoding=\"async\" width=\"150\" height=\"150\" src=\"https:\/\/cafe-riesinger.de\/wp-content\/uploads\/2013\/08\/Brunch-neu-8-150x150.jpg\" class=\"attachment-thumbnail size-thumbnail\" alt=\"\" \/><\/a>\n\t\t\t<\/div><\/figure><figure class='gallery-item'>\n\t\t\t<div class='gallery-icon landscape'>\n\t\t\t\t<a href='https:\/\/cafe-riesinger.de\/wp-content\/uploads\/2013\/08\/Brunch-neu-10.jpg'><img loading=\"lazy\" decoding=\"async\" width=\"150\" height=\"150\" src=\"https:\/\/cafe-riesinger.de\/wp-content\/uploads\/2013\/08\/Brunch-neu-10-150x150.jpg\" class=\"attachment-thumbnail size-thumbnail\" alt=\"\" \/><\/a>\n\t\t\t<\/div><\/figure><figure class='gallery-item'>\n\t\t\t<div class='gallery-icon landscape'>\n\t\t\t\t<a href='https:\/\/cafe-riesinger.de\/wp-content\/uploads\/2013\/08\/brunch-1.jpg'><img loading=\"lazy\" decoding=\"async\" width=\"150\" height=\"150\" src=\"https:\/\/cafe-riesinger.de\/wp-content\/uploads\/2013\/08\/brunch-1-150x150.jpg\" class=\"attachment-thumbnail size-thumbnail\" alt=\"\" \/><\/a>\n\t\t\t<\/div><\/figure><figure class='gallery-item'>\n\t\t\t<div class='gallery-icon landscape'>\n\t\t\t\t<a href='https:\/\/cafe-riesinger.de\/wp-content\/uploads\/2013\/08\/brunch-31.jpg'><img loading=\"lazy\" decoding=\"async\" width=\"150\" height=\"150\" src=\"https:\/\/cafe-riesinger.de\/wp-content\/uploads\/2013\/08\/brunch-31-150x150.jpg\" class=\"attachment-thumbnail size-thumbnail\" alt=\"\" \/><\/a>\n\t\t\t<\/div><\/figure><figure class='gallery-item'>\n\t\t\t<div class='gallery-icon portrait'>\n\t\t\t\t<a href='https:\/\/cafe-riesinger.de\/wp-content\/uploads\/2013\/08\/Brunch-dazu-2.jpg'><img loading=\"lazy\" decoding=\"async\" width=\"150\" height=\"150\" src=\"https:\/\/cafe-riesinger.de\/wp-content\/uploads\/2013\/08\/Brunch-dazu-2-150x150.jpg\" class=\"attachment-thumbnail size-thumbnail\" alt=\"\" \/><\/a>\n\t\t\t<\/div><\/figure><figure class='gallery-item'>\n\t\t\t<div class='gallery-icon portrait'>\n\t\t\t\t<a href='https:\/\/cafe-riesinger.de\/wp-content\/uploads\/2013\/08\/Brunch-2.jpg'><img loading=\"lazy\" decoding=\"async\" width=\"150\" height=\"150\" src=\"https:\/\/cafe-riesinger.de\/wp-content\/uploads\/2013\/08\/Brunch-2-150x150.jpg\" class=\"attachment-thumbnail size-thumbnail\" alt=\"\" \/><\/a>\n\t\t\t<\/div><\/figure>\n\t\t<\/div>\n\n","protected":false},"excerpt":{"rendered":"<p>Wir veranstalten regelm\u00e4\u00dfig unseren ber\u00fchmten Brunch.<\/p>\n","protected":false},"author":1,"featured_media":0,"parent":16,"menu_order":1,"comment_status":"closed","ping_status":"closed","template":"","meta":{"jetpack_post_was_ever_published":false,"footnotes":""},"class_list":["post-922","page","type-page","status-publish","hentry"],"jetpack_sharing_enabled":true,"jetpack_shortlink":"https:\/\/wp.me\/P4pezq-eS","_links":{"self":[{"href":"https:\/\/cafe-riesinger.de\/index.php?rest_route=\/wp\/v2\/pages\/922","targetHints":{"allow":["GET"]}}],"collection":[{"href":"https:\/\/cafe-riesinger.de\/index.php?rest_route=\/wp\/v2\/pages"}],"about":[{"href":"https:\/\/cafe-riesinger.de\/index.php?rest_route=\/wp\/v2\/types\/page"}],"author":[{"embeddable":true,"href":"https:\/\/cafe-riesinger.de\/index.php?rest_route=\/wp\/v2\/users\/1"}],"replies":[{"embeddable":true,"href":"https:\/\/cafe-riesinger.de\/index.php?rest_route=%2Fwp%2Fv2%2Fcomments&post=922"}],"version-history":[{"count":5,"href":"https:\/\/cafe-riesinger.de\/index.php?rest_route=\/wp\/v2\/pages\/922\/revisions"}],"predecessor-version":[{"id":1200,"href":"https:\/\/cafe-riesinger.de\/index.php?rest_route=\/wp\/v2\/pages\/922\/revisions\/1200"}],"up":[{"embeddable":true,"href":"https:\/\/cafe-riesinger.de\/index.php?rest_route=\/wp\/v2\/pages\/16"}],"wp:attachment":[{"href":"https:\/\/cafe-riesinger.de\/index.php?rest_route=%2Fwp%2Fv2%2Fmedia&parent=922"}],"curies":[{"name":"wp","href":"https:\/\/api.w.org\/{rel}","templated":true}]}}