{"id":95,"date":"2011-04-10T15:30:32","date_gmt":"2011-04-10T15:30:32","guid":{"rendered":"http:\/\/cafe-riesinger.de\/?page_id=95"},"modified":"2013-08-31T11:31:32","modified_gmt":"2013-08-31T09:31:32","slug":"gutschein","status":"publish","type":"page","link":"https:\/\/cafe-riesinger.de\/?page_id=95","title":{"rendered":"Gutschein"},"content":{"rendered":"<p>Fr\u00fchst\u00fccksgutscheine sind jederzeit und in verschiedenen Variationen bei uns erh\u00e4ltlich und bieten f\u00fcr viele Anl\u00e4sse ein besonderes Geschenk.<\/p>\n<figure id=\"attachment_822\" aria-describedby=\"caption-attachment-822\" style=\"width: 607px\" class=\"wp-caption aligncenter\"><a href=\"https:\/\/cafe-riesinger.de\/wp-content\/uploads\/2013\/08\/DSC06874.jpeg\"><img loading=\"lazy\" decoding=\"async\" class=\" wp-image-822 \" alt=\"Gutscheine\" src=\"https:\/\/cafe-riesinger.de\/wp-content\/uploads\/2013\/08\/DSC06874.jpeg\" width=\"607\" height=\"403\" srcset=\"https:\/\/cafe-riesinger.de\/wp-content\/uploads\/2013\/08\/DSC06874.jpeg 1011w, https:\/\/cafe-riesinger.de\/wp-content\/uploads\/2013\/08\/DSC06874-300x199.jpeg 300w, https:\/\/cafe-riesinger.de\/wp-content\/uploads\/2013\/08\/DSC06874-148x98.jpeg 148w, https:\/\/cafe-riesinger.de\/wp-content\/uploads\/2013\/08\/DSC06874-31x20.jpeg 31w, https:\/\/cafe-riesinger.de\/wp-content\/uploads\/2013\/08\/DSC06874-38x25.jpeg 38w, https:\/\/cafe-riesinger.de\/wp-content\/uploads\/2013\/08\/DSC06874-323x215.jpeg 323w\" sizes=\"auto, (max-width: 607px) 100vw, 607px\" \/><\/a><figcaption id=\"caption-attachment-822\" class=\"wp-caption-text\">Gutscheine<\/figcaption><\/figure>\n","protected":false},"excerpt":{"rendered":"<p>Fr\u00fchst\u00fccksgutscheine sind jederzeit und in verschiedenen Variationen bei uns erh\u00e4ltlich und bieten f\u00fcr viele Anl\u00e4sse ein besonderes Geschenk.<\/p>\n","protected":false},"author":1,"featured_media":0,"parent":0,"menu_order":4,"comment_status":"closed","ping_status":"closed","template":"","meta":{"jetpack_post_was_ever_published":false,"footnotes":""},"class_list":["post-95","page","type-page","status-publish","hentry"],"jetpack_sharing_enabled":true,"jetpack_shortlink":"https:\/\/wp.me\/P4pezq-1x","_links":{"self":[{"href":"https:\/\/cafe-riesinger.de\/index.php?rest_route=\/wp\/v2\/pages\/95","targetHints":{"allow":["GET"]}}],"collection":[{"href":"https:\/\/cafe-riesinger.de\/index.php?rest_route=\/wp\/v2\/pages"}],"about":[{"href":"https:\/\/cafe-riesinger.de\/index.php?rest_route=\/wp\/v2\/types\/page"}],"author":[{"embeddable":true,"href":"https:\/\/cafe-riesinger.de\/index.php?rest_route=\/wp\/v2\/users\/1"}],"replies":[{"embeddable":true,"href":"https:\/\/cafe-riesinger.de\/index.php?rest_route=%2Fwp%2Fv2%2Fcomments&post=95"}],"version-history":[{"count":5,"href":"https:\/\/cafe-riesinger.de\/index.php?rest_route=\/wp\/v2\/pages\/95\/revisions"}],"predecessor-version":[{"id":823,"href":"https:\/\/cafe-riesinger.de\/index.php?rest_route=\/wp\/v2\/pages\/95\/revisions\/823"}],"wp:attachment":[{"href":"https:\/\/cafe-riesinger.de\/index.php?rest_route=%2Fwp%2Fv2%2Fmedia&parent=95"}],"curies":[{"name":"wp","href":"https:\/\/api.w.org\/{rel}","templated":true}]}}